{"id":3565,"date":"2025-05-08T11:40:22","date_gmt":"2025-05-08T09:40:22","guid":{"rendered":"https:\/\/rs.gigroup.com\/for-employers\/ustupanje-zaposlenih\/"},"modified":"2025-05-16T10:26:53","modified_gmt":"2025-05-16T08:26:53","slug":"staff-leasing","status":"publish","type":"page","link":"https:\/\/rs.gigroup.com\/en\/for-employers\/staff-leasing\/","title":{"rendered":"Staff leasing"},"content":{"rendered":"","protected":false},"excerpt":{"rendered":"","protected":false},"author":1,"featured_media":0,"parent":3554,"menu_order":0,"comment_status":"closed","ping_status":"closed","template":"","meta":{"footnotes":""},"class_list":["post-3565","page","type-page","status-publish","hentry"],"yoast_head":"<!-- This site is optimized with the Yoast SEO Premium plugin v27.4 (Yoast SEO v27.4) - https:\/\/yoast.com\/product\/yoast-seo-premium-wordpress\/ -->\n<title>Staffing Solutions - Gi Group Serbia<\/title>\n<meta name=\"description\" content=\"Gi Group Staffing Solutions is a temporary recruitment agency certified in the domain of employee stuffing according to the license issued by the Ministry of Labor\" \/>\n<meta name=\"robots\" content=\"index, follow, max-snippet:-1, max-image-preview:large, max-video-preview:-1\" \/>\n<link rel=\"canonical\" href=\"https:\/\/rs.gigroup.com\/en\/for-employers\/staff-leasing\/\" \/>\n<meta property=\"og:locale\" content=\"en_GB\" \/>\n<meta property=\"og:type\" content=\"article\" \/>\n<meta property=\"og:title\" content=\"Staff leasing\" \/>\n<meta property=\"og:description\" content=\"Gi Group Staffing Solutions is a temporary recruitment agency certified in the domain of employee stuffing according to the license issued by the Ministry of Labor\" \/>\n<meta property=\"og:url\" content=\"https:\/\/rs.gigroup.com\/en\/for-employers\/staff-leasing\/\" \/>\n<meta property=\"og:site_name\" content=\"Gi Group Serbia\" \/>\n<meta property=\"article:modified_time\" content=\"2025-05-16T08:26:53+00:00\" \/>\n<meta name=\"twitter:card\" content=\"summary_large_image\" \/>\n<script type=\"application\/ld+json\" class=\"yoast-schema-graph\">{\"@context\":\"https:\\\/\\\/schema.org\",\"@graph\":[{\"@type\":\"WebPage\",\"@id\":\"https:\\\/\\\/rs.gigroup.com\\\/en\\\/for-employers\\\/staff-leasing\\\/\",\"url\":\"https:\\\/\\\/rs.gigroup.com\\\/en\\\/for-employers\\\/staff-leasing\\\/\",\"name\":\"Staffing Solutions - Gi Group Serbia\",\"isPartOf\":{\"@id\":\"https:\\\/\\\/rs.gigroup.com\\\/#website\"},\"datePublished\":\"2025-05-08T09:40:22+00:00\",\"dateModified\":\"2025-05-16T08:26:53+00:00\",\"description\":\"Gi Group Staffing Solutions is a temporary recruitment agency certified in the domain of employee stuffing according to the license issued by the Ministry of Labor\",\"breadcrumb\":{\"@id\":\"https:\\\/\\\/rs.gigroup.com\\\/en\\\/for-employers\\\/staff-leasing\\\/#breadcrumb\"},\"inLanguage\":\"en-GB\",\"potentialAction\":[{\"@type\":\"ReadAction\",\"target\":[\"https:\\\/\\\/rs.gigroup.com\\\/en\\\/for-employers\\\/staff-leasing\\\/\"]}]},{\"@type\":\"BreadcrumbList\",\"@id\":\"https:\\\/\\\/rs.gigroup.com\\\/en\\\/for-employers\\\/staff-leasing\\\/#breadcrumb\",\"itemListElement\":[{\"@type\":\"ListItem\",\"position\":1,\"name\":\"Home\",\"item\":\"https:\\\/\\\/rs.gigroup.com\\\/en\\\/home\\\/\"},{\"@type\":\"ListItem\",\"position\":2,\"name\":\"For Employers\",\"item\":\"https:\\\/\\\/rs.gigroup.com\\\/en\\\/for-employers\\\/\"},{\"@type\":\"ListItem\",\"position\":3,\"name\":\"Staff leasing\"}]},{\"@type\":\"WebSite\",\"@id\":\"https:\\\/\\\/rs.gigroup.com\\\/#website\",\"url\":\"https:\\\/\\\/rs.gigroup.com\\\/\",\"name\":\"Gi Group Serbia\",\"description\":\"Prona\u0111ite poslove i re\u0161enja za zapo\u0161ljavanje\",\"potentialAction\":[{\"@type\":\"SearchAction\",\"target\":{\"@type\":\"EntryPoint\",\"urlTemplate\":\"https:\\\/\\\/rs.gigroup.com\\\/?s={search_term_string}\"},\"query-input\":{\"@type\":\"PropertyValueSpecification\",\"valueRequired\":true,\"valueName\":\"search_term_string\"}}],\"inLanguage\":\"en-GB\"}]}<\/script>\n<!-- \/ Yoast SEO Premium plugin. -->","yoast_head_json":{"title":"Staffing Solutions - Gi Group Serbia","description":"Gi Group Staffing Solutions is a temporary recruitment agency certified in the domain of employee stuffing according to the license issued by the Ministry of Labor","robots":{"index":"index","follow":"follow","max-snippet":"max-snippet:-1","max-image-preview":"max-image-preview:large","max-video-preview":"max-video-preview:-1"},"canonical":"https:\/\/rs.gigroup.com\/en\/for-employers\/staff-leasing\/","og_locale":"en_GB","og_type":"article","og_title":"Staff leasing","og_description":"Gi Group Staffing Solutions is a temporary recruitment agency certified in the domain of employee stuffing according to the license issued by the Ministry of Labor","og_url":"https:\/\/rs.gigroup.com\/en\/for-employers\/staff-leasing\/","og_site_name":"Gi Group Serbia","article_modified_time":"2025-05-16T08:26:53+00:00","twitter_card":"summary_large_image","schema":{"@context":"https:\/\/schema.org","@graph":[{"@type":"WebPage","@id":"https:\/\/rs.gigroup.com\/en\/for-employers\/staff-leasing\/","url":"https:\/\/rs.gigroup.com\/en\/for-employers\/staff-leasing\/","name":"Staffing Solutions - Gi Group Serbia","isPartOf":{"@id":"https:\/\/rs.gigroup.com\/#website"},"datePublished":"2025-05-08T09:40:22+00:00","dateModified":"2025-05-16T08:26:53+00:00","description":"Gi Group Staffing Solutions is a temporary recruitment agency certified in the domain of employee stuffing according to the license issued by the Ministry of Labor","breadcrumb":{"@id":"https:\/\/rs.gigroup.com\/en\/for-employers\/staff-leasing\/#breadcrumb"},"inLanguage":"en-GB","potentialAction":[{"@type":"ReadAction","target":["https:\/\/rs.gigroup.com\/en\/for-employers\/staff-leasing\/"]}]},{"@type":"BreadcrumbList","@id":"https:\/\/rs.gigroup.com\/en\/for-employers\/staff-leasing\/#breadcrumb","itemListElement":[{"@type":"ListItem","position":1,"name":"Home","item":"https:\/\/rs.gigroup.com\/en\/home\/"},{"@type":"ListItem","position":2,"name":"For Employers","item":"https:\/\/rs.gigroup.com\/en\/for-employers\/"},{"@type":"ListItem","position":3,"name":"Staff leasing"}]},{"@type":"WebSite","@id":"https:\/\/rs.gigroup.com\/#website","url":"https:\/\/rs.gigroup.com\/","name":"Gi Group Serbia","description":"Prona\u0111ite poslove i re\u0161enja za zapo\u0161ljavanje","potentialAction":[{"@type":"SearchAction","target":{"@type":"EntryPoint","urlTemplate":"https:\/\/rs.gigroup.com\/?s={search_term_string}"},"query-input":{"@type":"PropertyValueSpecification","valueRequired":true,"valueName":"search_term_string"}}],"inLanguage":"en-GB"}]}},"_links":{"self":[{"href":"https:\/\/rs.gigroup.com\/en\/wp-json\/wp\/v2\/pages\/3565","targetHints":{"allow":["GET"]}}],"collection":[{"href":"https:\/\/rs.gigroup.com\/en\/wp-json\/wp\/v2\/pages"}],"about":[{"href":"https:\/\/rs.gigroup.com\/en\/wp-json\/wp\/v2\/types\/page"}],"author":[{"embeddable":true,"href":"https:\/\/rs.gigroup.com\/en\/wp-json\/wp\/v2\/users\/1"}],"replies":[{"embeddable":true,"href":"https:\/\/rs.gigroup.com\/en\/wp-json\/wp\/v2\/comments?post=3565"}],"version-history":[{"count":0,"href":"https:\/\/rs.gigroup.com\/en\/wp-json\/wp\/v2\/pages\/3565\/revisions"}],"up":[{"embeddable":true,"href":"https:\/\/rs.gigroup.com\/en\/wp-json\/wp\/v2\/pages\/3554"}],"wp:attachment":[{"href":"https:\/\/rs.gigroup.com\/en\/wp-json\/wp\/v2\/media?parent=3565"}],"curies":[{"name":"wp","href":"https:\/\/api.w.org\/{rel}","templated":true}]}}